{"id":745,"date":"2025-11-14T01:54:24","date_gmt":"2025-11-14T01:54:24","guid":{"rendered":"https:\/\/roosrasmus.ee\/kangaroos\/?post_type=product&#038;p=745"},"modified":"2025-11-14T03:34:51","modified_gmt":"2025-11-14T03:34:51","slug":"cd-lava-king","status":"publish","type":"product","link":"https:\/\/roosrasmus.ee\/kangaroos\/toode\/cd-lava-king\/","title":{"rendered":"CD &#8220;LAVA KING&#8221;"},"content":{"rendered":"","protected":false},"excerpt":{"rendered":"<p>Deb\u00fc\u00fctalbum koos boonuslugude, s\u00f5nade-bookleti ning illustratsioonidega Rasmus Roos&#8217;i poolt. Terviklik kunstiprojekt J\u00e4rva-Jaani kuttide poolt. Sisse m\u00e4ngitud, salvestatud, lihvitud ja ka miksitud omakeskis ja omast vabast ajast \u00fche \u00fclla eesm\u00e4rgi nimel &#8211; teha m\u00f5nusat b\u00e4ndimussi.<\/p>\n","protected":false},"featured_media":782,"comment_status":"open","ping_status":"closed","template":"","meta":[],"product_brand":[],"product_cat":[15],"product_tag":[],"class_list":{"0":"post-745","1":"product","2":"type-product","3":"status-publish","4":"has-post-thumbnail","6":"product_cat-maaramata","8":"first","9":"instock","10":"sale","11":"taxable","12":"shipping-taxable","13":"purchasable","14":"product-type-simple"},"jetpack_sharing_enabled":true,"_links":{"self":[{"href":"https:\/\/roosrasmus.ee\/kangaroos\/wp-json\/wp\/v2\/product\/745","targetHints":{"allow":["GET"]}}],"collection":[{"href":"https:\/\/roosrasmus.ee\/kangaroos\/wp-json\/wp\/v2\/product"}],"about":[{"href":"https:\/\/roosrasmus.ee\/kangaroos\/wp-json\/wp\/v2\/types\/product"}],"replies":[{"embeddable":true,"href":"https:\/\/roosrasmus.ee\/kangaroos\/wp-json\/wp\/v2\/comments?post=745"}],"wp:featuredmedia":[{"embeddable":true,"href":"https:\/\/roosrasmus.ee\/kangaroos\/wp-json\/wp\/v2\/media\/782"}],"wp:attachment":[{"href":"https:\/\/roosrasmus.ee\/kangaroos\/wp-json\/wp\/v2\/media?parent=745"}],"wp:term":[{"taxonomy":"product_brand","embeddable":true,"href":"https:\/\/roosrasmus.ee\/kangaroos\/wp-json\/wp\/v2\/product_brand?post=745"},{"taxonomy":"product_cat","embeddable":true,"href":"https:\/\/roosrasmus.ee\/kangaroos\/wp-json\/wp\/v2\/product_cat?post=745"},{"taxonomy":"product_tag","embeddable":true,"href":"https:\/\/roosrasmus.ee\/kangaroos\/wp-json\/wp\/v2\/product_tag?post=745"}],"curies":[{"name":"wp","href":"https:\/\/api.w.org\/{rel}","templated":true}]}}